{"id":45,"date":"2023-01-16T13:14:25","date_gmt":"2023-01-16T13:14:25","guid":{"rendered":"https:\/\/croatiaislandcruises.com\/climate-emergency\/"},"modified":"2023-05-09T08:32:38","modified_gmt":"2023-05-09T08:32:38","slug":"urgence-climatique","status":"publish","type":"page","link":"https:\/\/croatiaislandcruises.com\/fr\/climate-emergency\/","title":{"rendered":"Urgence climatique"},"content":{"rendered":"<h2 class=\"wp-block-heading\" id=\"headline-33-8554\">Nous d\u00e9clarons l'urgence climatique<\/h2>\n\n\n\n<p>Nous avons adh\u00e9r\u00e9 \u00e0 Tourism Declares, une initiative qui aide les entreprises, les organisations et les particuliers du secteur du tourisme \u00e0 d\u00e9clarer une urgence climatique et \u00e0 prendre des mesures concr\u00e8tes pour r\u00e9duire leurs \u00e9missions de carbone, conform\u00e9ment aux recommandations du Groupe d'experts intergouvernemental sur l'\u00e9volution du climat (GIEC), qui pr\u00e9conise de r\u00e9duire les \u00e9missions mondiales de carbone de 55% par rapport aux niveaux de 2017 d'ici \u00e0 2030.&nbsp;<\/p>\n\n\n\n<p>Comme tous les signataires, nous nous sommes engag\u00e9s \u00e0 mettre en \u0153uvre les cinq actions suivantes :<\/p>\n\n\n\n<ol class=\"wp-block-list\">\n<li>\u00c9laborer un \"plan d'urgence climatique\" dans les 12 prochains mois, qui d\u00e9finit nos intentions en mati\u00e8re de r\u00e9duction des \u00e9missions de carbone au cours de la prochaine d\u00e9cennie.<\/li>\n\n\n\n<li>Partager une d\u00e9claration publique initiale de notre \"plan d'urgence climatique\" et faire le point sur les progr\u00e8s r\u00e9alis\u00e9s chaque ann\u00e9e.<\/li>\n\n\n\n<li>Accepter l'avis actuel du GIEC sur la n\u00e9cessit\u00e9 de r\u00e9duire les \u00e9missions mondiales de carbone \u00e0 55% en dessous des niveaux de 2017 d'ici 2030 afin de maintenir le r\u00e9chauffement de la plan\u00e8te \u00e0 moins de 1,5 degr\u00e9. Nous veillerons \u00e0 ce que notre \"plan d'urgence climatique\" comporte des actions con\u00e7ues pour atteindre cet objectif au minimum, en r\u00e9duisant de mani\u00e8re transparente, mesurable et croissante les \u00e9missions totales de carbone par client r\u00e9sultant de nos activit\u00e9s et des services de voyage que nous vendons.&nbsp;<\/li>\n\n\n\n<li>Encourager nos fournisseurs et partenaires \u00e0 faire la m\u00eame d\u00e9claration, partager les meilleures pratiques entre pairs et participer activement \u00e0 la communaut\u00e9 Tourism Declares.<\/li>\n\n\n\n<li>Plaider en faveur du changement. Nous reconnaissons la n\u00e9cessit\u00e9 d'un changement de syst\u00e8me dans l'ensemble du secteur pour acc\u00e9l\u00e9rer une transition juste vers un tourisme sans carbone.<\/li>\n<\/ol>\n\n\n\n<p>Veuillez envisager de d\u00e9clarer \u00e9galement \u00e0&nbsp;<a href=\"https:\/\/www.tourismdeclares.com\/\" target=\"_blank\" rel=\"noreferrer noopener\">www.tourismdeclares.com<\/a>et suivez @tourismdeclares sur Twitter, Facebook ou Linkedin<\/p>","protected":false},"excerpt":{"rendered":"<p>Nous d\u00e9clarons une urgence climatique Nous avons adh\u00e9r\u00e9 \u00e0 Tourism Declares, une initiative qui soutient les entreprises, les organisations et les particuliers du secteur du tourisme \u00e0 d\u00e9clarer une urgence climatique et \u00e0 prendre des mesures cibl\u00e9es pour r\u00e9duire leurs \u00e9missions de carbone, conform\u00e9ment aux recommandations du Groupe d'experts intergouvernemental sur l'\u00e9volution du climat (GIEC) visant \u00e0 r\u00e9duire les \u00e9missions mondiales de carbone \u00e0 55% par rapport \u00e0 2017 ... <a href=\"https:\/\/croatiaislandcruises.com\/fr\/climate-emergency\/\">Suite<\/a><\/p>","protected":false},"author":37,"featured_media":0,"parent":0,"menu_order":0,"comment_status":"open","ping_status":"open","template":"","meta":{"_acf_changed":false,"footnotes":""},"class_list":["post-45","page","type-page","status-publish","hentry"],"acf":{"page_subheading":""},"_links":{"self":[{"href":"https:\/\/croatiaislandcruises.com\/fr\/wp-json\/wp\/v2\/pages\/45","targetHints":{"allow":["GET"]}}],"collection":[{"href":"https:\/\/croatiaislandcruises.com\/fr\/wp-json\/wp\/v2\/pages"}],"about":[{"href":"https:\/\/croatiaislandcruises.com\/fr\/wp-json\/wp\/v2\/types\/page"}],"author":[{"embeddable":true,"href":"https:\/\/croatiaislandcruises.com\/fr\/wp-json\/wp\/v2\/users\/37"}],"replies":[{"embeddable":true,"href":"https:\/\/croatiaislandcruises.com\/fr\/wp-json\/wp\/v2\/comments?post=45"}],"version-history":[{"count":5,"href":"https:\/\/croatiaislandcruises.com\/fr\/wp-json\/wp\/v2\/pages\/45\/revisions"}],"predecessor-version":[{"id":373,"href":"https:\/\/croatiaislandcruises.com\/fr\/wp-json\/wp\/v2\/pages\/45\/revisions\/373"}],"wp:attachment":[{"href":"https:\/\/croatiaislandcruises.com\/fr\/wp-json\/wp\/v2\/media?parent=45"}],"curies":[{"name":"wp","href":"https:\/\/api.w.org\/{rel}","templated":true}]}}