{"id":39,"date":"2023-01-16T13:14:25","date_gmt":"2023-01-16T13:14:25","guid":{"rendered":"https:\/\/croatiaislandcruises.com\/about-us\/"},"modified":"2024-07-30T06:40:27","modified_gmt":"2024-07-30T06:40:27","slug":"a-propos-de-nous","status":"publish","type":"page","link":"https:\/\/croatiaislandcruises.com\/fr\/about-us\/","title":{"rendered":"A propos de nous"},"content":{"rendered":"<p>Quand j'\u00e9tais petite, mes parents m'emmenaient chaque \u00e9t\u00e9 en Croatie. Ces jours heureux de rires, l'odeur de la mer sal\u00e9e, les couleurs vibrantes des march\u00e9s, et l'odeur de l'eau de mer. <strong>Couchers de soleil sur l'Adriatique<\/strong> a grav\u00e9 dans mon c\u0153ur un amour profond pour la Croatie.&nbsp;<\/p>\n\n\n\n<figure class=\"wp-block-image size-large is-resized\"><img loading=\"lazy\" decoding=\"async\" src=\"https:\/\/croatiaislandcruises.com\/wp-content\/uploads\/mali-losinj-town-1024x683.webp\" alt=\"Vue a\u00e9rienne du soir de la ville de Mali Losinj, en Croatie.\" class=\"wp-image-906\" style=\"width:1024px;height:683px\" width=\"1024\" height=\"683\" srcset=\"https:\/\/croatiaislandcruises.com\/wp-content\/uploads\/\/mali-losinj-town-1024x683.webp 1024w, https:\/\/croatiaislandcruises.com\/wp-content\/uploads\/\/mali-losinj-town-300x200.webp 300w, https:\/\/croatiaislandcruises.com\/wp-content\/uploads\/\/mali-losinj-town-768x512.webp 768w, https:\/\/croatiaislandcruises.com\/wp-content\/uploads\/\/mali-losinj-town-1536x1024.webp 1536w, https:\/\/croatiaislandcruises.com\/wp-content\/uploads\/\/mali-losinj-town-2048x1365.webp 2048w, https:\/\/croatiaislandcruises.com\/wp-content\/uploads\/\/mali-losinj-town-18x12.webp 18w, https:\/\/croatiaislandcruises.com\/wp-content\/uploads\/\/mali-losinj-town-scaled.webp 1920w\" sizes=\"auto, (max-width: 1024px) 100vw, 1024px\" \/><figcaption class=\"wp-element-caption\">Coucher de soleil sur la Croatie<\/figcaption><\/figure>\n\n\n\n<p>Aujourd'hui, en tant que directeur de l'une des compagnies de croisi\u00e8res \u00e0 la croissance la plus rapide d'Europe, je vis mon r\u00eave d'enfant... <strong>partager la magie de la Croatie<\/strong> avec des aventuriers comme vous.<\/p>\n\n\n\n<p>La Croatie est une tapisserie d'\u00eeles \u00e9tonnantes, de villes anciennes et de paysages qui murmurent des histoires d'un autre temps. Chaque \u00eele, chaque r\u00e9gion offre une histoire diff\u00e9rente, une nouvelle occasion de s'immerger dans les exp\u00e9riences qu'elle propose. Des plages baign\u00e9es de soleil aux champs de lavande aromatiques, des forteresses historiques \u00e0 la vie nocturne tr\u00e9pidante, la diversit\u00e9 de la Croatie est tout simplement enchanteresse.<\/p>\n\n\n\n<h2 class=\"wp-block-heading\">Rencontrez notre \u00e9quipe<\/h2>\n\n\n\n<p>L'\u00e9quipe de Croatia Island Cruises est bien plus que de simples coll\u00e8gues. Nous sommes un groupe de <strong>des explorateurs passionn\u00e9s<\/strong>Notre objectif est de vous aider \u00e0 vivre la Croatie comme nous la vivons, c'est-\u00e0-dire avec des passionn\u00e9s d'histoire, des amoureux de la nature et, par-dessus tout, des amoureux de la Croatie. Qu'il s'agisse de partager le plaisir de naviguer sur la mer Adriatique \u00e9meraude, la joie d'explorer des villes et des villages pittoresques ou l'\u00e9merveillement devant des merveilles historiques, notre objectif est de vous aider \u00e0 vivre la Croatie comme nous la vivons.<\/p>\n\n\n\n<figure class=\"wp-block-image size-large\"><img loading=\"lazy\" decoding=\"async\" width=\"1024\" height=\"683\" src=\"https:\/\/croatiaislandcruises.com\/wp-content\/uploads\/gulet-carpe-diem-scaled-11-1024x683.webp\" alt=\"Gulet carpe diem \u00e9caill\u00e9\" class=\"wp-image-569\" srcset=\"https:\/\/croatiaislandcruises.com\/wp-content\/uploads\/\/gulet-carpe-diem-scaled-11-1024x683.webp 1024w, https:\/\/croatiaislandcruises.com\/wp-content\/uploads\/\/gulet-carpe-diem-scaled-11-300x200.webp 300w, https:\/\/croatiaislandcruises.com\/wp-content\/uploads\/\/gulet-carpe-diem-scaled-11-768x512.webp 768w, https:\/\/croatiaislandcruises.com\/wp-content\/uploads\/\/gulet-carpe-diem-scaled-11-1536x1024.webp 1536w, https:\/\/croatiaislandcruises.com\/wp-content\/uploads\/\/gulet-carpe-diem-scaled-11-18x12.webp 18w, https:\/\/croatiaislandcruises.com\/wp-content\/uploads\/\/gulet-carpe-diem-scaled-11.webp 1920w\" sizes=\"auto, (max-width: 1024px) 100vw, 1024px\" \/><figcaption class=\"wp-element-caption\">Nous sommes l\u00e0 pour lib\u00e9rer le v\u00e9ritable potentiel de la Croatie pour vous.<\/figcaption><\/figure>\n\n\n\n<p>Nous <strong>soulagez vos soucis de voyage<\/strong>pour que vous n'ayez pas \u00e0 le faire. Nous nous occupons de toute la logistique, de la communication et des r\u00e9servations sur nos \u00e9l\u00e9gants bateaux, tout en offrant une assistance permanente. Avec nous, votre voyage se d\u00e9roule sans encombre et devient tout simplement m\u00e9morable.<\/p>\n\n\n\n<h2 class=\"wp-block-heading\">Embarquez pour une aventure avec nous<\/h2>\n\n\n\n<p>\u00cates-vous pr\u00eat \u00e0 d\u00e9couvrir les merveilles des \u00eeles croates ? Nous vous invitons \u00e0 d\u00e9couvrir la myriade d'\u00eeles de la Croatie. <a href=\"https:\/\/croatiaislandcruises.com\/fr\/\">Croisi\u00e8res sur les \u00eeles de Croatie<\/a> que nous proposons. Chaque croisi\u00e8re est con\u00e7ue pour vous rapprocher du c\u0153ur de la beaut\u00e9 de la Croatie et offre un \u00e9ventail d'activit\u00e9s qui r\u00e9pondent au plaisir de chaque voyageur.<\/p>\n\n\n\n<p>Que vous aspiriez \u00e0 des escapades historiques, \u00e0 des d\u00e9lices gastronomiques locaux, \u00e0 des aventures palpitantes ou \u00e0 des moments de s\u00e9r\u00e9nit\u00e9 au milieu de paysages pittoresques, nous avons ce qu'il vous faut.<\/p>\n\n\n\n<p>Faisons des vagues et traversons ensemble le paysage marin enchanteur de la Croatie, en tissant en chemin des souvenirs inoubliables. Le rythme des vagues et l'attrait de la Croatie vous guideront vers les vacances de votre vie. Remplissez notre <a href=\"https:\/\/croatiaislandcruises.com\/fr\/enquete\/\">formulaire de demande de renseignements<\/a>Et c'est parti !<\/p>\n\n\n\n<p>Si nos services ne vous conviennent pas, vous pouvez consulter nos partenaires, qui proposent tous des vacances inoubliables sur la mer de Croatie :<\/p>\n\n\n\n<ul class=\"wp-block-list\">\n<li><a href=\"https:\/\/luxuryyachtchartercroatia.com\/\">Location de bateaux de luxe en Croatie<\/a><\/li>\n\n\n\n<li><a href=\"https:\/\/croatia-gulet.com\/\">Gulet Croatie<\/a><\/li>\n\n\n\n<li><a href=\"https:\/\/smallshipcruisescroatia.com\/\">Petites croisi\u00e8res en Croatie<\/a><\/li>\n\n\n\n<li><a href=\"https:\/\/bikeandboatcroatia.com\/\">V\u00e9lo et bateau Croatie<\/a><\/li>\n<\/ul>\n\n\n\n<p>Il existe \u00e9galement d'autres fa\u00e7ons de profiter de la Croatie :<\/p>\n\n\n\n<ul class=\"wp-block-list\">\n<li><a href=\"https:\/\/croatia-tours.com\/\">Voyages en Croatie<\/a><\/li>\n\n\n\n<li><a href=\"https:\/\/activityholidayscroatia.com\/\">Vacances d'activit\u00e9s en Croatie<\/a><\/li>\n\n\n\n<li><a href=\"https:\/\/familyholidayscroatia.com\/\">Vacances en famille en Croatie<\/a><\/li>\n<\/ul>","protected":false},"excerpt":{"rendered":"<p>Lorsque j'\u00e9tais petite, mes parents m'emmenaient chaque \u00e9t\u00e9 en Croatie. Ces jours heureux de rire, l'odeur de la mer sal\u00e9e, les couleurs vibrantes des march\u00e9s et les couchers de soleil envo\u00fbtants sur l'Adriatique ont grav\u00e9 dans mon c\u0153ur un amour profond pour la Croatie.  Aujourd'hui, en tant que directeur d'un ... <a href=\"https:\/\/croatiaislandcruises.com\/fr\/about-us\/\">Suite<\/a><\/p>","protected":false},"author":37,"featured_media":476,"parent":0,"menu_order":0,"comment_status":"open","ping_status":"open","template":"","meta":{"_acf_changed":false,"footnotes":""},"class_list":["post-39","page","type-page","status-publish","has-post-thumbnail","hentry"],"acf":{"page_subheading":"Crafting unforgettable Croatian journeys, one cruise at a time \u2014 meet the passionate team at Croatia Island Cruises, ready to satisfy your every need."},"_links":{"self":[{"href":"https:\/\/croatiaislandcruises.com\/fr\/wp-json\/wp\/v2\/pages\/39","targetHints":{"allow":["GET"]}}],"collection":[{"href":"https:\/\/croatiaislandcruises.com\/fr\/wp-json\/wp\/v2\/pages"}],"about":[{"href":"https:\/\/croatiaislandcruises.com\/fr\/wp-json\/wp\/v2\/types\/page"}],"author":[{"embeddable":true,"href":"https:\/\/croatiaislandcruises.com\/fr\/wp-json\/wp\/v2\/users\/37"}],"replies":[{"embeddable":true,"href":"https:\/\/croatiaislandcruises.com\/fr\/wp-json\/wp\/v2\/comments?post=39"}],"version-history":[{"count":10,"href":"https:\/\/croatiaislandcruises.com\/fr\/wp-json\/wp\/v2\/pages\/39\/revisions"}],"predecessor-version":[{"id":1045,"href":"https:\/\/croatiaislandcruises.com\/fr\/wp-json\/wp\/v2\/pages\/39\/revisions\/1045"}],"wp:featuredmedia":[{"embeddable":true,"href":"https:\/\/croatiaislandcruises.com\/fr\/wp-json\/wp\/v2\/media\/476"}],"wp:attachment":[{"href":"https:\/\/croatiaislandcruises.com\/fr\/wp-json\/wp\/v2\/media?parent=39"}],"curies":[{"name":"wp","href":"https:\/\/api.w.org\/{rel}","templated":true}]}}