{"id":39,"date":"2023-01-16T13:14:25","date_gmt":"2023-01-16T13:14:25","guid":{"rendered":"https:\/\/croatiaislandcruises.com\/about-us\/"},"modified":"2024-07-30T06:40:27","modified_gmt":"2024-07-30T06:40:27","slug":"uber-uns","status":"publish","type":"page","link":"https:\/\/croatiaislandcruises.com\/de\/about-us\/","title":{"rendered":"\u00dcber uns"},"content":{"rendered":"<p>Als ich noch ein kleines M\u00e4dchen war, nahmen mich meine Eltern jeden Sommer mit nach Kroatien. Diese gl\u00fccklichen Tage voller Lachen, der Geruch des salzigen Meeres, die leuchtenden Farben der M\u00e4rkte und die <strong>hypnotisierende Sonnenunterg\u00e4nge \u00fcber der Adria<\/strong> hat eine tiefe Liebe zu Kroatien in mein Herz gebrannt.&nbsp;<\/p>\n\n\n\n<figure class=\"wp-block-image size-large is-resized\"><img loading=\"lazy\" decoding=\"async\" src=\"https:\/\/croatiaislandcruises.com\/wp-content\/uploads\/mali-losinj-town-1024x683.webp\" alt=\"Abendliche Luftaufnahme der Stadt Mali Losinj, Kroatien.\" class=\"wp-image-906\" style=\"width:1024px;height:683px\" width=\"1024\" height=\"683\" srcset=\"https:\/\/croatiaislandcruises.com\/wp-content\/uploads\/\/mali-losinj-town-1024x683.webp 1024w, https:\/\/croatiaislandcruises.com\/wp-content\/uploads\/\/mali-losinj-town-300x200.webp 300w, https:\/\/croatiaislandcruises.com\/wp-content\/uploads\/\/mali-losinj-town-768x512.webp 768w, https:\/\/croatiaislandcruises.com\/wp-content\/uploads\/\/mali-losinj-town-1536x1024.webp 1536w, https:\/\/croatiaislandcruises.com\/wp-content\/uploads\/\/mali-losinj-town-2048x1365.webp 2048w, https:\/\/croatiaislandcruises.com\/wp-content\/uploads\/\/mali-losinj-town-18x12.webp 18w, https:\/\/croatiaislandcruises.com\/wp-content\/uploads\/\/mali-losinj-town-scaled.webp 1920w\" sizes=\"auto, (max-width: 1024px) 100vw, 1024px\" \/><figcaption class=\"wp-element-caption\">Sonnenuntergang \u00fcber Kroatien<\/figcaption><\/figure>\n\n\n\n<p>Heute, als Manager eines der am schnellsten wachsenden Kreuzfahrtunternehmen in Europa, lebe ich meinen Kindheitstraum. <strong>den Zauber Kroatiens teilen<\/strong> mit Abenteurern wie Ihnen.<\/p>\n\n\n\n<p>Kroatien ist ein Teppich aus atemberaubenden Inseln, alten St\u00e4dten und Landschaften, die Geschichten aus vergangenen Zeiten erz\u00e4hlen. Jede Insel, jede Region birgt eine andere Geschichte, eine neue Gelegenheit, in die Erlebnisse einzutauchen, die sie bietet. Von sonnenverw\u00f6hnten Str\u00e4nden bis zu duftenden Lavendelfeldern, von historischen Festungen bis zum pulsierenden Nachtleben - die Vielfalt Kroatiens ist einfach bezaubernd.<\/p>\n\n\n\n<h2 class=\"wp-block-heading\">Treffen Sie unser Team<\/h2>\n\n\n\n<p>Unser Team bei Croatia Island Cruises ist mehr als nur Kollegen. Wir sind eine Gruppe von <strong>passionierte Entdecker<\/strong>Wir sind ein Team von Reiseveranstaltern, Geschichtsliebhabern, Naturfreunden und vor allem Kroatienfans. Ob Sie den Nervenkitzel des Segelns auf der smaragdgr\u00fcnen Adria, die Freude an der Erkundung malerischer St\u00e4dte und D\u00f6rfer oder die Ehrfurcht vor historischen Wundern teilen, unser Ziel ist es, Ihnen zu helfen, Kroatien so zu erleben, wie wir es tun.<\/p>\n\n\n\n<figure class=\"wp-block-image size-large\"><img loading=\"lazy\" decoding=\"async\" width=\"1024\" height=\"683\" src=\"https:\/\/croatiaislandcruises.com\/wp-content\/uploads\/gulet-carpe-diem-scaled-11-1024x683.webp\" alt=\"Gulet carpe diem skaliert\" class=\"wp-image-569\" srcset=\"https:\/\/croatiaislandcruises.com\/wp-content\/uploads\/\/gulet-carpe-diem-scaled-11-1024x683.webp 1024w, https:\/\/croatiaislandcruises.com\/wp-content\/uploads\/\/gulet-carpe-diem-scaled-11-300x200.webp 300w, https:\/\/croatiaislandcruises.com\/wp-content\/uploads\/\/gulet-carpe-diem-scaled-11-768x512.webp 768w, https:\/\/croatiaislandcruises.com\/wp-content\/uploads\/\/gulet-carpe-diem-scaled-11-1536x1024.webp 1536w, https:\/\/croatiaislandcruises.com\/wp-content\/uploads\/\/gulet-carpe-diem-scaled-11-18x12.webp 18w, https:\/\/croatiaislandcruises.com\/wp-content\/uploads\/\/gulet-carpe-diem-scaled-11.webp 1920w\" sizes=\"auto, (max-width: 1024px) 100vw, 1024px\" \/><figcaption class=\"wp-element-caption\">Wir sind hier, um das wahre Potenzial Kroatiens f\u00fcr Sie zu erschlie\u00dfen<\/figcaption><\/figure>\n\n\n\n<p>Wir <strong>Ihre Reisesorgen schultern<\/strong>damit Sie es nicht tun m\u00fcssen. Wir k\u00fcmmern uns um die gesamte Logistik, die Kommunikation und die Buchungen auf unseren eleganten Booten und bieten Ihnen rund um die Uhr Unterst\u00fctzung. Mit uns wird Ihre Reise nahtlos und zu einem unvergesslichen Erlebnis.<\/p>\n\n\n\n<h2 class=\"wp-block-heading\">Begeben Sie sich mit uns auf ein Abenteuer<\/h2>\n\n\n\n<p>Sind Sie bereit, die Wunder der kroatischen Inseln kennenzulernen? Wir laden Sie ein, die unz\u00e4hligen M\u00f6glichkeiten der <a href=\"https:\/\/croatiaislandcruises.com\/de\/\">Kroatien Inselkreuzfahrten<\/a> wir bieten. Jede Kreuzfahrt ist so konzipiert, dass sie Ihnen das Herz der kroatischen Sch\u00f6nheit n\u00e4her bringt und eine Vielzahl von Aktivit\u00e4ten bietet, die jedem Reisenden Freude bereiten.<\/p>\n\n\n\n<p>Ganz gleich, ob Sie sich nach historischen Eskapaden sehnen, sich nach lokalen Gaumenfreuden sehnen, aufregende Abenteuer suchen oder sich nach ruhigen Momenten inmitten malerischer Landschaften sehnen - wir haben genau das Richtige f\u00fcr Sie.<\/p>\n\n\n\n<p>Lassen Sie uns gemeinsam die Wellen schlagen und die bezaubernde kroatische Meereslandschaft durchqueren und dabei unvergessliche Erinnerungen weben. Der Rhythmus der Wellen und die Faszination Kroatiens erwarten Sie, um Ihnen den Urlaub Ihres Lebens zu erm\u00f6glichen. F\u00fcllen Sie unser <a href=\"https:\/\/croatiaislandcruises.com\/de\/anfrage\/\">Anfrageformular<\/a>und los geht's!<\/p>\n\n\n\n<p>Wenn Sie das Gef\u00fchl haben, dass unsere Dienstleistungen nicht Ihren Vorstellungen entsprechen, k\u00f6nnen Sie sich bei unseren Partnern erkundigen, die alle einen unvergesslichen Urlaub am kroatischen Meer anbieten:<\/p>\n\n\n\n<ul class=\"wp-block-list\">\n<li><a href=\"https:\/\/luxuryyachtchartercroatia.com\/\">Luxusyachtcharter Kroatien<\/a><\/li>\n\n\n\n<li><a href=\"https:\/\/croatia-gulet.com\/\">Kroatien Gulet<\/a><\/li>\n\n\n\n<li><a href=\"https:\/\/smallshipcruisescroatia.com\/\">Kleine Schiffskreuzfahrten Kroatien<\/a><\/li>\n\n\n\n<li><a href=\"https:\/\/bikeandboatcroatia.com\/\">Fahrrad und Boot Kroatien<\/a><\/li>\n<\/ul>\n\n\n\n<p>Und es gibt auch andere M\u00f6glichkeiten, Kroatien zu genie\u00dfen, die Sie ebenfalls in Betracht ziehen k\u00f6nnen:<\/p>\n\n\n\n<ul class=\"wp-block-list\">\n<li><a href=\"https:\/\/croatia-tours.com\/\">Kroatien Touren<\/a><\/li>\n\n\n\n<li><a href=\"https:\/\/activityholidayscroatia.com\/\">Aktivurlaub Kroatien<\/a><\/li>\n\n\n\n<li><a href=\"https:\/\/familyholidayscroatia.com\/\">Familienurlaub Kroatien<\/a><\/li>\n<\/ul>","protected":false},"excerpt":{"rendered":"<p>Als ich noch ein kleines M\u00e4dchen war, nahmen mich meine Eltern jeden Sommer mit nach Kroatien. Diese gl\u00fccklichen Tage voller Lachen, der Geruch des salzigen Meeres, die leuchtenden Farben der M\u00e4rkte und die faszinierenden Sonnenunterg\u00e4nge \u00fcber der Adria haben eine tiefe Liebe zu Kroatien in mein Herz gebrannt.  Heute, als Managerin eines ... <a href=\"https:\/\/croatiaislandcruises.com\/de\/about-us\/\">Fortsetzung<\/a><\/p>","protected":false},"author":37,"featured_media":476,"parent":0,"menu_order":0,"comment_status":"open","ping_status":"open","template":"","meta":{"_acf_changed":false,"footnotes":""},"class_list":["post-39","page","type-page","status-publish","has-post-thumbnail","hentry"],"acf":{"page_subheading":"Crafting unforgettable Croatian journeys, one cruise at a time \u2014 meet the passionate team at Croatia Island Cruises, ready to satisfy your every need."},"_links":{"self":[{"href":"https:\/\/croatiaislandcruises.com\/de\/wp-json\/wp\/v2\/pages\/39","targetHints":{"allow":["GET"]}}],"collection":[{"href":"https:\/\/croatiaislandcruises.com\/de\/wp-json\/wp\/v2\/pages"}],"about":[{"href":"https:\/\/croatiaislandcruises.com\/de\/wp-json\/wp\/v2\/types\/page"}],"author":[{"embeddable":true,"href":"https:\/\/croatiaislandcruises.com\/de\/wp-json\/wp\/v2\/users\/37"}],"replies":[{"embeddable":true,"href":"https:\/\/croatiaislandcruises.com\/de\/wp-json\/wp\/v2\/comments?post=39"}],"version-history":[{"count":10,"href":"https:\/\/croatiaislandcruises.com\/de\/wp-json\/wp\/v2\/pages\/39\/revisions"}],"predecessor-version":[{"id":1045,"href":"https:\/\/croatiaislandcruises.com\/de\/wp-json\/wp\/v2\/pages\/39\/revisions\/1045"}],"wp:featuredmedia":[{"embeddable":true,"href":"https:\/\/croatiaislandcruises.com\/de\/wp-json\/wp\/v2\/media\/476"}],"wp:attachment":[{"href":"https:\/\/croatiaislandcruises.com\/de\/wp-json\/wp\/v2\/media?parent=39"}],"curies":[{"name":"wp","href":"https:\/\/api.w.org\/{rel}","templated":true}]}}